{"id":6649,"date":"2022-04-06T21:51:55","date_gmt":"2022-04-06T20:51:55","guid":{"rendered":"https:\/\/justbugs.es\/services\/"},"modified":"2024-06-21T07:49:44","modified_gmt":"2024-06-21T06:49:44","slug":"services","status":"publish","type":"page","link":"https:\/\/justbugs.es\/en\/services\/","title":{"rendered":"Services"},"content":{"rendered":"<section class=\"gb-container gb-container-1567a339\" id=\"piensos\"><div class=\"gb-inside-container\">\n<div class=\"gb-grid-wrapper gb-grid-wrapper-6517d717\">\n<div class=\"gb-grid-column gb-grid-column-0c2822ac\"><div class=\"gb-container gb-container-0c2822ac\"><div class=\"gb-inside-container\">\n<figure class=\"gb-block-image gb-block-image-f8bb5ebb\"><img loading=\"lazy\" decoding=\"async\" width=\"400\" height=\"436\" class=\"gb-image gb-image-f8bb5ebb\" src=\"http:\/\/justbugs.es\/wp-content\/uploads\/2022\/09\/Piensos-1.png\" alt=\"\" title=\"Feed\" srcset=\"https:\/\/justbugs.es\/wp-content\/uploads\/2022\/09\/Piensos-1.png 400w, https:\/\/justbugs.es\/wp-content\/uploads\/2022\/09\/Piensos-1-275x300.png 275w\" sizes=\"(max-width: 400px) 100vw, 400px\" \/><\/figure>\n<\/div><\/div><\/div>\n\n<div class=\"gb-grid-column gb-grid-column-c422cda4\"><div class=\"gb-container gb-container-c422cda4\"><div class=\"gb-inside-container\">\n<h3 class=\"gb-headline gb-headline-2c713d63\"><span class=\"gb-icon\"><\/span><span class=\"gb-headline-text\">Feed<\/span><\/h3>\n\n<p>You can discover our wide range of Just Bugs products on our online shop which are all produced in our installations.<\/p>\n\n<p><br\/>Tenebrio, we have mealworms in various forms, alive, dehydrated\/dry, and in flour.<br\/>Mealworms have a protein count of around 52% and between 35-40% content of amino and fatty acids making them a high quality food for <strong>livestock and pets<\/strong> \u2013 and when the authorities in question give the green light, for humans too.<\/p>\n\n<p><br\/>(enlace vac\u00edo)<\/p>\n\n<p><br\/>Mealworm frass. The breeding of mealworms does not create any landfill waste, and their excrement makes for an excellent <strong>fertilizer compound in organic crops<\/strong> due to it\u00b4s high content of phosphorus and nitrogen, and it\u00b4s low humidity. It is highly recommended for young plants.<br\/><\/p>\n\n<div class=\"gb-button-wrapper gb-button-wrapper-5c13c711\">\n<a class=\"gb-button gb-button-a1304945 gb-button-text gb-button-simple\" href=\"https:\/\/justbugs.es\/en\/online-shop\/\">Our products<\/a>\n<\/div>\n<\/div><\/div><\/div>\n<\/div>\n<\/div><\/section><section class=\"gb-container gb-container-2aed2acb\" id=\"formacion\"><div class=\"gb-inside-container\">\n<div class=\"gb-grid-wrapper gb-grid-wrapper-a6b4a1d4\">\n<div class=\"gb-grid-column gb-grid-column-80418662\"><div class=\"gb-container gb-container-80418662\"><div class=\"gb-inside-container\">\n<figure class=\"gb-block-image gb-block-image-6eb4b0c5\"><img loading=\"lazy\" decoding=\"async\" width=\"400\" height=\"513\" class=\"gb-image gb-image-6eb4b0c5\" src=\"http:\/\/justbugs.es\/wp-content\/uploads\/2022\/09\/Formacion-2.png\" alt=\"\" title=\"Training\" srcset=\"https:\/\/justbugs.es\/wp-content\/uploads\/2022\/09\/Formacion-2.png 400w, https:\/\/justbugs.es\/wp-content\/uploads\/2022\/09\/Formacion-2-234x300.png 234w\" sizes=\"(max-width: 400px) 100vw, 400px\" \/><\/figure>\n<\/div><\/div><\/div>\n\n<div class=\"gb-grid-column gb-grid-column-f9fbbeee\"><div class=\"gb-container gb-container-f9fbbeee\"><div class=\"gb-inside-container\">\n<h3 class=\"gb-headline gb-headline-1779b90a\"><span class=\"gb-icon\"><\/span><span class=\"gb-headline-text\">Trainings<\/span><\/h3>\n\n<p>Just bugs ofrece formaci\u00f3n y soporte t\u00e9cnico para la <strong>cr\u00eda de insectos<\/strong>.<br\/>These courses include dossiers about insect breeding, online and in person classes, help and orientation in developing new projects and technical assistance in existing projects.<\/p>\n\n<p>If you work in a primary school or secondary school, or are a member of an agriculture or farming association, or maybe you are just interested in insects as a future agri-food and waste management. Just Bugs offers talks and personalized courses adapted to all ages and needs of those attending.<br\/>assistants.<\/p>\n\n<div class=\"gb-button-wrapper gb-button-wrapper-e4d19c37\">\n<a class=\"gb-button gb-button-e07faef8 gb-button-text gb-button-simple\" href=\"#contacto\">Contact<\/a>\n<\/div>\n<\/div><\/div><\/div>\n<\/div>\n<\/div><\/section><section class=\"gb-container gb-container-4c7e162f\" id=\"investigacion\"><div class=\"gb-inside-container\">\n<div class=\"gb-grid-wrapper gb-grid-wrapper-b5f48e11\">\n<div class=\"gb-grid-column gb-grid-column-b5cd4457\"><div class=\"gb-container gb-container-b5cd4457\"><div class=\"gb-inside-container\">\n<figure class=\"gb-block-image gb-block-image-b147a88f\"><img loading=\"lazy\" decoding=\"async\" width=\"400\" height=\"399\" class=\"gb-image gb-image-b147a88f\" src=\"http:\/\/justbugs.es\/wp-content\/uploads\/2022\/09\/Investigacion-1.png\" alt=\"\" title=\"Research\" srcset=\"https:\/\/justbugs.es\/wp-content\/uploads\/2022\/09\/Investigacion-1.png 400w, https:\/\/justbugs.es\/wp-content\/uploads\/2022\/09\/Investigacion-1-300x300.png 300w, https:\/\/justbugs.es\/wp-content\/uploads\/2022\/09\/Investigacion-1-150x150.png 150w, https:\/\/justbugs.es\/wp-content\/uploads\/2022\/09\/Investigacion-1-200x200.png 200w, https:\/\/justbugs.es\/wp-content\/uploads\/2022\/09\/Investigacion-1-100x100.png 100w\" sizes=\"(max-width: 400px) 100vw, 400px\" \/><\/figure>\n<\/div><\/div><\/div>\n\n<div class=\"gb-grid-column gb-grid-column-d7c06fe7\"><div class=\"gb-container gb-container-d7c06fe7\"><div class=\"gb-inside-container\">\n<h3 class=\"gb-headline gb-headline-8c232eeb\"><span class=\"gb-icon\"><\/span><span class=\"gb-headline-text\">Research<\/span><\/h3>\n\n<p>Just Bugs works continuously in R+D+i collaborating with institutions and other companies in the development of new food, in improving breeding conditions , new products, transformation procedures..<\/p>\n\n<p>Just bugs posee un <strong>laboratorio propio<\/strong> para el estudio y desarrollo ya no s\u00f3lo del Tenebrio molitor, sino de otras especies; siendo de gran ayuda para nuestras empresa y otras empresas del sector.<\/p>\n\n<div class=\"gb-button-wrapper gb-button-wrapper-7e41095e\">\n<a class=\"gb-button gb-button-d1c3fe67 gb-button-text gb-button-simple\" href=\"#contacto\">Contact<\/a>\n<\/div>\n<\/div><\/div><\/div>\n<\/div>\n<\/div><\/section>","protected":false},"excerpt":{"rendered":"","protected":false},"author":1,"featured_media":0,"parent":0,"menu_order":0,"comment_status":"closed","ping_status":"closed","template":"","meta":{"footnotes":""},"class_list":["post-6649","page","type-page","status-publish"],"_links":{"self":[{"href":"https:\/\/justbugs.es\/en\/wp-json\/wp\/v2\/pages\/6649"}],"collection":[{"href":"https:\/\/justbugs.es\/en\/wp-json\/wp\/v2\/pages"}],"about":[{"href":"https:\/\/justbugs.es\/en\/wp-json\/wp\/v2\/types\/page"}],"author":[{"embeddable":true,"href":"https:\/\/justbugs.es\/en\/wp-json\/wp\/v2\/users\/1"}],"replies":[{"embeddable":true,"href":"https:\/\/justbugs.es\/en\/wp-json\/wp\/v2\/comments?post=6649"}],"version-history":[{"count":6,"href":"https:\/\/justbugs.es\/en\/wp-json\/wp\/v2\/pages\/6649\/revisions"}],"predecessor-version":[{"id":7247,"href":"https:\/\/justbugs.es\/en\/wp-json\/wp\/v2\/pages\/6649\/revisions\/7247"}],"wp:attachment":[{"href":"https:\/\/justbugs.es\/en\/wp-json\/wp\/v2\/media?parent=6649"}],"curies":[{"name":"wp","href":"https:\/\/api.w.org\/{rel}","templated":true}]}}