{"id":4637,"date":"2022-04-06T21:40:06","date_gmt":"2022-04-06T20:40:06","guid":{"rendered":"https:\/\/just-bugs.local\/sobre-nosotros\/"},"modified":"2024-06-21T07:39:25","modified_gmt":"2024-06-21T06:39:25","slug":"quienes-somos","status":"publish","type":"page","link":"https:\/\/justbugs.es\/fr\/quienes-somos\/","title":{"rendered":"Qui sommes nous?"},"content":{"rendered":"<div class=\"gb-container gb-container-1567a339\"><div class=\"gb-inside-container\">\n<div class=\"gb-grid-wrapper gb-grid-wrapper-6517d717\">\n<div class=\"gb-grid-column gb-grid-column-0c2822ac\"><div class=\"gb-container gb-container-0c2822ac\"><div class=\"gb-inside-container\">\n<figure class=\"gb-block-image gb-block-image-5a0c0760\"><img loading=\"lazy\" decoding=\"async\" width=\"368\" height=\"390\" class=\"gb-image gb-image-5a0c0760\" src=\"http:\/\/justbugs.es\/wp-content\/uploads\/2022\/09\/QuienesSomos.png\" alt=\"\" title=\"Qui sommes nous\" srcset=\"https:\/\/justbugs.es\/wp-content\/uploads\/2022\/09\/QuienesSomos.png 368w, https:\/\/justbugs.es\/wp-content\/uploads\/2022\/09\/QuienesSomos-283x300.png 283w\" sizes=\"(max-width: 368px) 100vw, 368px\" \/><\/figure>\n<\/div><\/div><\/div>\n\n<div class=\"gb-grid-column gb-grid-column-c422cda4\"><div class=\"gb-container gb-container-c422cda4\"><div class=\"gb-inside-container\">\n<h3 class=\"gb-headline gb-headline-2c713d63\"><span class=\"gb-icon\"><\/span><span class=\"gb-headline-text\">Qui sommes nous?<\/span><\/h3>\n\n<p>N\u00e9 au centre de la province de Teruel, Just Bugs est une id\u00e9e de cr\u00e9ation d&rsquo;entreprise <strong>\u00e9cologiquement durable<\/strong> qui aide \u00e0 cr\u00e9er des possibilit\u00e9s dans les zones rurales.<\/p>\n\n<p>Notre id\u00e9e est d&rsquo;obtenir des aliments de haute qualit\u00e9 en utilisant des mati\u00e8res premi\u00e8res de notre r\u00e9gion.<\/p>\n\n<p>Le concept Just bugs est n\u00e9 de l&rsquo;id\u00e9e des trois partenaires de cr\u00e9er de nouvelles industries qui aideraient notre municipalit\u00e9 et notre environnement \u00e0 prosp\u00e9rer d&rsquo;une mani\u00e8re \u00e9cologiquement durable, en contribuant \u00e0 cr\u00e9er des emplois qui <strong>fixeraient la population<\/strong> dans la r\u00e9gion et en essayant d&rsquo;\u00e9viter l&rsquo;exode rural vers les grandes villes.<\/p>\n\n<p>Par Just bugs, nous voulons \u00e9galement travailler sur la diffusion des insectes en tant que nouveau moteur de changement, en formant des agriculteurs, des \u00e9coliers, des associations&#8230; en plus de travailler activement sur l&rsquo;id\u00e9e de R&amp;D dans notre secteur.<\/p>\n\n<p>Notre emplacement pr\u00e8s de la capitale Teruel et entre Zaragoza et Valencia nous permet d&rsquo;atteindre un march\u00e9 assez large.<\/p>\n\n<div class=\"gb-button-wrapper gb-button-wrapper-5c13c711\">\n<a class=\"gb-button gb-button-a1304945 gb-button-text gb-button-simple\" href=\"https:\/\/justbugs.es\/fr\/boutique\/\">Nos produits<\/a>\n<\/div>\n<\/div><\/div><\/div>\n<\/div>\n<\/div><\/div>","protected":false},"excerpt":{"rendered":"","protected":false},"author":1,"featured_media":0,"parent":0,"menu_order":0,"comment_status":"closed","ping_status":"closed","template":"","meta":{"footnotes":""},"class_list":["post-4637","page","type-page","status-publish"],"_links":{"self":[{"href":"https:\/\/justbugs.es\/fr\/wp-json\/wp\/v2\/pages\/4637"}],"collection":[{"href":"https:\/\/justbugs.es\/fr\/wp-json\/wp\/v2\/pages"}],"about":[{"href":"https:\/\/justbugs.es\/fr\/wp-json\/wp\/v2\/types\/page"}],"author":[{"embeddable":true,"href":"https:\/\/justbugs.es\/fr\/wp-json\/wp\/v2\/users\/1"}],"replies":[{"embeddable":true,"href":"https:\/\/justbugs.es\/fr\/wp-json\/wp\/v2\/comments?post=4637"}],"version-history":[{"count":7,"href":"https:\/\/justbugs.es\/fr\/wp-json\/wp\/v2\/pages\/4637\/revisions"}],"predecessor-version":[{"id":7243,"href":"https:\/\/justbugs.es\/fr\/wp-json\/wp\/v2\/pages\/4637\/revisions\/7243"}],"wp:attachment":[{"href":"https:\/\/justbugs.es\/fr\/wp-json\/wp\/v2\/media?parent=4637"}],"curies":[{"name":"wp","href":"https:\/\/api.w.org\/{rel}","templated":true}]}}