{"id":6648,"date":"2022-04-06T21:51:55","date_gmt":"2022-04-06T20:51:55","guid":{"rendered":"https:\/\/justbugs.es\/servicios\/"},"modified":"2023-04-12T07:14:18","modified_gmt":"2023-04-12T06:14:18","slug":"servicios","status":"publish","type":"page","link":"https:\/\/justbugs.es\/fr\/servicios\/","title":{"rendered":"Services"},"content":{"rendered":"<section class=\"gb-container gb-container-1567a339\" id=\"piensos\"><div class=\"gb-inside-container\">\n<div class=\"gb-grid-wrapper gb-grid-wrapper-6517d717\">\n<div class=\"gb-grid-column gb-grid-column-0c2822ac\"><div class=\"gb-container gb-container-0c2822ac\"><div class=\"gb-inside-container\">\n<figure class=\"gb-block-image gb-block-image-f8bb5ebb\"><img loading=\"lazy\" decoding=\"async\" width=\"400\" height=\"436\" class=\"gb-image gb-image-f8bb5ebb\" src=\"http:\/\/justbugs.es\/wp-content\/uploads\/2022\/09\/Piensos-1.png\" alt=\"\" title=\"Aliments pour animaux\" srcset=\"https:\/\/justbugs.es\/wp-content\/uploads\/2022\/09\/Piensos-1.png 400w, https:\/\/justbugs.es\/wp-content\/uploads\/2022\/09\/Piensos-1-275x300.png 275w\" sizes=\"(max-width: 400px) 100vw, 400px\" \/><\/figure>\n<\/div><\/div><\/div>\n\n<div class=\"gb-grid-column gb-grid-column-c422cda4\"><div class=\"gb-container gb-container-c422cda4\"><div class=\"gb-inside-container\">\n<h3 class=\"gb-headline gb-headline-2c713d63\"><span class=\"gb-icon\"><svg xmlns=\"http:\/\/www.w3.org\/2000\/svg\" viewbox=\"0 0 60 4.688\"><path d=\"M57.656 0H2.344a2.343 2.343 0 100 4.688h55.312a2.344 2.344 0 000-4.688z\"><\/path><\/svg><\/span><span class=\"gb-headline-text\">Aliments pour animaux<\/span><\/h3>\n\n<p>ust bugs met \u00e0 votre service la boutique en ligne \u00e0 partir de laquelle nous proposons nos produits fabriqu\u00e9s dans nos locaux.<\/p>\n\n<p><br\/>T\u00e9n\u00e9brion, vous pouvez trouver diff\u00e9rents formats, animal vivant, d\u00e9shydrat\u00e9 et farine sous diff\u00e9rents formats.<br\/>Tenebrio molitor contient environ 52 % de prot\u00e9ines et entre 35 et 40 % de mati\u00e8res grasses, ce qui en fait un aliment de haute qualit\u00e9 pour le b\u00e9tail et les <strong>animaux de compagnie<\/strong>, et lorsque les autorit\u00e9s l&rsquo;autorisent pour les humains.<\/p>\n\n<p><br\/>(enlace a ficha t\u00e9cnica a y se registren)<\/p>\n\n<p><br\/>Guano de Tenebrio molitor, L&rsquo;\u00e9levage de Tenebrio Molitor ne g\u00e9n\u00e8re aucun d\u00e9chet \u00e0 enfouir, car le guano d&rsquo;insectes est consid\u00e9r\u00e9 comme un bon compos\u00e9 fertilisant dans les <strong>cultures biologiques<\/strong> en raison de sa teneur \u00e9lev\u00e9e en phosphore et en azote et de sa faible humidit\u00e9. Fortement recommand\u00e9 pour les jeunes plants.<br\/><\/p>\n\n<p>(enlace a ficha t\u00e9cnica a y se registren)<\/p>\n\n<div class=\"gb-button-wrapper gb-button-wrapper-5c13c711\">\n<a class=\"gb-button gb-button-a1304945 gb-button-text gb-button-simple\" href=\"https:\/\/justbugs.es\/fr\/boutique\/\">Nos produits<\/a>\n<\/div>\n<\/div><\/div><\/div>\n<\/div>\n<\/div><\/section><section class=\"gb-container gb-container-2aed2acb\" id=\"formacion\"><div class=\"gb-inside-container\">\n<div class=\"gb-grid-wrapper gb-grid-wrapper-a6b4a1d4\">\n<div class=\"gb-grid-column gb-grid-column-80418662\"><div class=\"gb-container gb-container-80418662\"><div class=\"gb-inside-container\">\n<figure class=\"gb-block-image gb-block-image-6eb4b0c5\"><img loading=\"lazy\" decoding=\"async\" width=\"400\" height=\"513\" class=\"gb-image gb-image-6eb4b0c5\" src=\"http:\/\/justbugs.es\/wp-content\/uploads\/2022\/09\/Formacion-2.png\" alt=\"\" title=\"Formation\" srcset=\"https:\/\/justbugs.es\/wp-content\/uploads\/2022\/09\/Formacion-2.png 400w, https:\/\/justbugs.es\/wp-content\/uploads\/2022\/09\/Formacion-2-234x300.png 234w\" sizes=\"(max-width: 400px) 100vw, 400px\" \/><\/figure>\n<\/div><\/div><\/div>\n\n<div class=\"gb-grid-column gb-grid-column-f9fbbeee\"><div class=\"gb-container gb-container-f9fbbeee\"><div class=\"gb-inside-container\">\n<h3 class=\"gb-headline gb-headline-1779b90a\"><span class=\"gb-icon\"><svg xmlns=\"http:\/\/www.w3.org\/2000\/svg\" viewbox=\"0 0 60 4.688\"><path d=\"M57.656 0H2.344a2.343 2.343 0 100 4.688h55.312a2.344 2.344 0 000-4.688z\"><\/path><\/svg><\/span><span class=\"gb-headline-text\">Formations<\/span><\/h3>\n\n<p>Just bugs gr\u00e2ce \u00e0 une collaboration avec <a rel=\"noreferrer noopener\" href=\"https:\/\/proteinsecta.es\/\" data-type=\"URL\" data-id=\"https:\/\/proteinsecta.es\/\" target=\"_blank\">Proteinsecta<\/a> propose une formation et un support technique pour <strong>l&rsquo;\u00e9levage d&rsquo;insectes<\/strong>.<br\/>Ces formations comprennent des dossiers sur l&rsquo;\u00e9levage d&rsquo;insectes, des formations en ligne et en pr\u00e9sentiel, une aide au d\u00e9veloppement de nouveaux projets et une assistance technique pour les projets existants.<\/p>\n\n<p>Que vous soyez une \u00e9cole, un lyc\u00e9e, une association d&rsquo;agriculteurs ou simplement int\u00e9ress\u00e9 par les insectes en tant que nouvel avenir de l&rsquo;agroalimentaire et de la gestion des d\u00e9chets, Just bugs propose des conf\u00e9rences et des cours adapt\u00e9s \u00e0 l&rsquo;\u00e2ge et aux besoins des participants.<br\/>assistants.<\/p>\n\n<div class=\"gb-button-wrapper gb-button-wrapper-e4d19c37\">\n<a class=\"gb-button gb-button-e07faef8 gb-button-text gb-button-simple\" href=\"#contacto\">Contact<\/a>\n<\/div>\n<\/div><\/div><\/div>\n<\/div>\n<\/div><\/section><section class=\"gb-container gb-container-4c7e162f\" id=\"investigacion\"><div class=\"gb-inside-container\">\n<div class=\"gb-grid-wrapper gb-grid-wrapper-b5f48e11\">\n<div class=\"gb-grid-column gb-grid-column-b5cd4457\"><div class=\"gb-container gb-container-b5cd4457\"><div class=\"gb-inside-container\">\n<figure class=\"gb-block-image gb-block-image-b147a88f\"><img loading=\"lazy\" decoding=\"async\" width=\"400\" height=\"399\" class=\"gb-image gb-image-b147a88f\" src=\"http:\/\/justbugs.es\/wp-content\/uploads\/2022\/09\/Investigacion-1.png\" alt=\"\" title=\"Recherche\" srcset=\"https:\/\/justbugs.es\/wp-content\/uploads\/2022\/09\/Investigacion-1.png 400w, https:\/\/justbugs.es\/wp-content\/uploads\/2022\/09\/Investigacion-1-300x300.png 300w, https:\/\/justbugs.es\/wp-content\/uploads\/2022\/09\/Investigacion-1-150x150.png 150w, https:\/\/justbugs.es\/wp-content\/uploads\/2022\/09\/Investigacion-1-200x200.png 200w, https:\/\/justbugs.es\/wp-content\/uploads\/2022\/09\/Investigacion-1-100x100.png 100w\" sizes=\"(max-width: 400px) 100vw, 400px\" \/><\/figure>\n<\/div><\/div><\/div>\n\n<div class=\"gb-grid-column gb-grid-column-d7c06fe7\"><div class=\"gb-container gb-container-d7c06fe7\"><div class=\"gb-inside-container\">\n<h3 class=\"gb-headline gb-headline-8c232eeb\"><span class=\"gb-icon\"><svg xmlns=\"http:\/\/www.w3.org\/2000\/svg\" viewbox=\"0 0 60 4.688\"><path d=\"M57.656 0H2.344a2.343 2.343 0 100 4.688h55.312a2.344 2.344 0 000-4.688z\"><\/path><\/svg><\/span><span class=\"gb-headline-text\">Recherche<\/span><\/h3>\n\n<p>Just bugs travaille activement en R+D+i en collaborant avec des institutions et d&rsquo;autres entreprises pour le d\u00e9veloppement de nouveaux aliments, l&rsquo;am\u00e9lioration des conditions d&rsquo;\u00e9levage, de nouveaux produits, des proc\u00e9d\u00e9s de transformation&#8230;<\/p>\n\n<p>Just bugs poss\u00e8de son <strong>propre laboratoire<\/strong> pour l&rsquo;\u00e9tude et le d\u00e9veloppement non seulement de Tenebrio molitor, mais aussi d&rsquo;autres esp\u00e8ces ; Cela est d&rsquo;une grande aide pour notre entreprise et d&rsquo;autres entreprises du secteur.<\/p>\n\n<div class=\"gb-button-wrapper gb-button-wrapper-7e41095e\">\n<a class=\"gb-button gb-button-d1c3fe67 gb-button-text gb-button-simple\" href=\"#contacto\">Contact<\/a>\n<\/div>\n<\/div><\/div><\/div>\n<\/div>\n<\/div><\/section>","protected":false},"excerpt":{"rendered":"","protected":false},"author":1,"featured_media":0,"parent":0,"menu_order":0,"comment_status":"closed","ping_status":"closed","template":"","meta":{"footnotes":""},"class_list":["post-6648","page","type-page","status-publish"],"_links":{"self":[{"href":"https:\/\/justbugs.es\/fr\/wp-json\/wp\/v2\/pages\/6648"}],"collection":[{"href":"https:\/\/justbugs.es\/fr\/wp-json\/wp\/v2\/pages"}],"about":[{"href":"https:\/\/justbugs.es\/fr\/wp-json\/wp\/v2\/types\/page"}],"author":[{"embeddable":true,"href":"https:\/\/justbugs.es\/fr\/wp-json\/wp\/v2\/users\/1"}],"replies":[{"embeddable":true,"href":"https:\/\/justbugs.es\/fr\/wp-json\/wp\/v2\/comments?post=6648"}],"version-history":[{"count":3,"href":"https:\/\/justbugs.es\/fr\/wp-json\/wp\/v2\/pages\/6648\/revisions"}],"predecessor-version":[{"id":6884,"href":"https:\/\/justbugs.es\/fr\/wp-json\/wp\/v2\/pages\/6648\/revisions\/6884"}],"wp:attachment":[{"href":"https:\/\/justbugs.es\/fr\/wp-json\/wp\/v2\/media?parent=6648"}],"curies":[{"name":"wp","href":"https:\/\/api.w.org\/{rel}","templated":true}]}}