{"id":7235,"date":"2022-03-16T16:31:49","date_gmt":"2022-03-16T15:31:49","guid":{"rendered":"https:\/\/justbugs.es\/politique-de-confidentialite\/"},"modified":"2024-06-21T07:38:00","modified_gmt":"2024-06-21T06:38:00","slug":"politique-de-confidentialite","status":"publish","type":"page","link":"https:\/\/justbugs.es\/fr\/politique-de-confidentialite\/","title":{"rendered":"Politique de confidentialit\u00e9"},"content":{"rendered":"<h2 class=\"wp-block-heading\">PROTECTION DES DONN\u00c9ES PERSONNELLES<\/h2><figure class=\"wp-block-table\"><table><tbody><tr><td><strong>INFORMATIONS DE BASE SUR LA PROTECTION DES DONN\u00c9ES<\/strong><\/td><\/tr><tr><td>Responsable<\/td><td>JUSTE DES INSECTES<\/td><\/tr><tr><td>Objectif<\/td><td>Le maintien de la communication entre les deux parties, la r\u00e9solution des doutes et des questions soulev\u00e9es, et la facilitation de l&rsquo;acc\u00e8s de nos clients et de nos contacts aux informations concernant nos services.<\/td><\/tr><tr><td>L\u00e9gitimation<\/td><td>Consentement de l&rsquo;int\u00e9ress\u00e9 ou de son repr\u00e9sentant l\u00e9gal lorsqu&rsquo;il remplit le formulaire de demande ou de requ\u00eate qu&rsquo;il formule, ou lorsqu&rsquo;il prend contact par le biais de l&rsquo;un des liens de contact par courrier \u00e9lectronique fournis sur la page.<\/td><\/tr><tr><td>Destinataires<\/td><td>Les donn\u00e9es personnelles que vous avez fournies sont destin\u00e9es uniquement \u00e0 Just Bugs. Aucun transfert de donn\u00e9es n&rsquo;est envisag\u00e9. Aucun transfert international de vos donn\u00e9es personnelles n&rsquo;est pr\u00e9vu.<\/td><\/tr><tr><td>Droits de l&rsquo;homme<\/td><td>Vous disposez d&rsquo;un droit d&rsquo;acc\u00e8s, de rectification et de suppression des donn\u00e9es, ainsi que d&rsquo;autres droits, comme expliqu\u00e9 dans les informations compl\u00e9mentaires, en contactant JUST BUGS Cl. Carretera n\u00ba 24, Cuevas de Almuden, Teruel, 44169.<\/td><\/tr><tr><td>Informations compl\u00e9mentaires<\/td><td>Vous trouverez de plus amples informations sur la protection des donn\u00e9es \u00e0 l&rsquo;adresse suivante<\/td><\/tr><\/tbody><\/table><\/figure><p>La personne concern\u00e9e accuse r\u00e9ception de cette information de la part de JUST BUGS et a pris connaissance des informations compl\u00e9mentaires sur le traitement de ses donn\u00e9es personnelles.<\/p><h2 class=\"wp-block-heading\">INFORMATIONS COMPL\u00c9MENTAIRES SUR LA PROTECTION DES DONN\u00c9ES<\/h2><ul class=\"wp-block-list\"><li>Qui est le responsable du traitement de vos donn\u00e9es personnelles ?<\/li><\/ul><p>Identit\u00e9 : JUST BUGS.<\/p><p>Adresse postale : Cl. Carretera n\u00ba 24, Cuevas de Almuden, Teruel.<\/p><p>Courriel : contacto@justbugs.es.<\/p><ul class=\"wp-block-list\"><li>\u00c0 quelles fins traitons-nous vos donn\u00e9es personnelles ?<\/li><\/ul><p>JUST BUGS traite les informations fournies par les parties int\u00e9ress\u00e9es afin de maintenir la communication entre les deux parties et de r\u00e9soudre les doutes et les questions soulev\u00e9s.<\/p><ul class=\"wp-block-list\"><li>Combien de temps conserverons-nous vos donn\u00e9es ?<\/li><\/ul><p>Les donn\u00e9es personnelles fournies seront conserv\u00e9es pendant une p\u00e9riode raisonnable \u00e0 compter de la r\u00e9ponse \u00e0 votre requ\u00eate ou demande et seront supprim\u00e9es <strong>lorsqu&rsquo;elles ne seront plus n\u00e9cessaires aux fins pour lesquelles elles ont \u00e9t\u00e9 collect\u00e9es<\/strong>.<\/p><p><strong>Si la personne concern\u00e9e a consenti \u00e0 l&rsquo;utilisation de ses coordonn\u00e9es pour recevoir des informations commerciales, ces donn\u00e9es seront conserv\u00e9es aussi longtemps qu&rsquo;elle n&rsquo;aura pas exprim\u00e9 le souhait d&rsquo;\u00eatre retir\u00e9e des listes d&rsquo;adresses commerciales.<\/strong><\/p><ul class=\"wp-block-list\"><li>Quelle est la l\u00e9gitimit\u00e9 du traitement de vos donn\u00e9es personnelles ?<\/li><\/ul><p>La base juridique du traitement de vos donn\u00e9es personnelles est le consentement de la personne concern\u00e9e ou de son repr\u00e9sentant l\u00e9gal lorsqu&rsquo;elle remplit le formulaire de demande ou d&rsquo;interrogation qu&rsquo;elle formule, ou lorsqu&rsquo;elle prend contact par l&rsquo;interm\u00e9diaire de l&rsquo;un des liens de contact par courrier \u00e9lectronique fournis sur la page.<\/p><ul class=\"wp-block-list\"><li>Vos donn\u00e9es seront-elles communiqu\u00e9es \u00e0 des tiers ?<\/li><\/ul><p>Non. Les donn\u00e9es que vous avez fournies sont destin\u00e9es \u00e0 JUST BUGS.<\/p><p>Aucun transfert international de vos donn\u00e9es personnelles n&rsquo;est pr\u00e9vu.<\/p><p>JUST BUGS a confi\u00e9 l&rsquo;h\u00e9bergement de son site web et les services de messagerie web \u00e0 des fournisseurs sp\u00e9cialis\u00e9s. Cela signifie que les donn\u00e9es des soumissions t\u00e9l\u00e9matiques seront \u00e0 un moment donn\u00e9 stock\u00e9es sur ces serveurs tiers avec lesquels JUST BUGS a sign\u00e9 les clauses de confidentialit\u00e9 correspondantes.<\/p><ul class=\"wp-block-list\"><li>Quels sont vos droits lorsque vous nous fournissez vos donn\u00e9es ?<\/li><\/ul><p>Les personnes int\u00e9ress\u00e9es ont le droit d&rsquo;<strong>acc\u00e9der \u00e0<\/strong> leurs donn\u00e9es personnelles, ainsi que de demander la <strong>rectification des<\/strong>donn\u00e9es inexactes ou, le cas \u00e9ch\u00e9ant, de demander leur <strong>suppression<\/strong> lorsque, entre autres raisons, les donn\u00e9es ne sont plus n\u00e9cessaires aux fins pour lesquelles elles ont \u00e9t\u00e9 collect\u00e9es. Ils auront \u00e9galement le droit de demander la <strong>limitation de<\/strong> leur traitement et de <strong>s&rsquo;opposer au<\/strong> traitement, ainsi que le droit \u00e0 la <strong>portabilit\u00e9 de<\/strong> leurs donn\u00e9es personnelles conform\u00e9ment aux dispositions du r\u00e8glement sur la protection des donn\u00e9es sanctionn\u00e9 par l&rsquo;Union europ\u00e9enne.<\/p><p>Dans certaines circonstances, les personnes concern\u00e9es peuvent nous demander de limiter le traitement de leurs donn\u00e9es, auquel cas nous ne conserverons les donn\u00e9es que dans le but d&rsquo;exercer ou de d\u00e9fendre des r\u00e9clamations.<\/p><p>Dans certaines circonstances et pour des raisons tenant \u00e0 leur situation particuli\u00e8re, les personnes concern\u00e9es peuvent s&rsquo;opposer au traitement de leurs donn\u00e9es. JUST BUGS cessera de traiter les donn\u00e9es, sauf pour des raisons l\u00e9gitimes ou pour l&rsquo;exercice ou la d\u00e9fense d&rsquo;\u00e9ventuelles r\u00e9clamations.<\/p><p>Pour exercer les droits pr\u00e9vus par la loi et d\u00e9crits ci-dessus, vous devez \u00e9crire \u00e0 JUST BUGS Cl. Route. n\u00ba 24, Cuevas de Almuden, Teruel.<\/p><p>Si l&rsquo;int\u00e9ress\u00e9 le demande, JUST BUGS lui fournira le formulaire correspondant pour exercer ses droits.<\/p><p>En outre, les personnes int\u00e9ress\u00e9es qui souhaitent en savoir plus sur leurs droits peuvent les obtenir en appelant les num\u00e9ros de t\u00e9l\u00e9phone 901.100.099 \/ 91.266.35.17 de l&rsquo;Agence espagnole de protection des donn\u00e9es ou sur son site web, au lien suivant :<\/p><p>http:\/\/www.agpd.es\/portalwebAGPD\/CanalDelCiudadano\/derechos\/index-ides-idphp.php<\/p><p>De m\u00eame, tous les int\u00e9ress\u00e9s qui n&rsquo;ont pas obtenu satisfaction dans l&rsquo;exercice de leurs droits peuvent introduire une r\u00e9clamation aupr\u00e8s de l&rsquo;Agence espagnole de protection des donn\u00e9es, situ\u00e9e Calle Jorge Juan, 6 28001-Madrid. www.agpd.es.<\/p>","protected":false},"excerpt":{"rendered":"<p>PROTECTION DES DONN\u00c9ES PERSONNELLES INFORMATIONS DE BASE SUR LA PROTECTION DES DONN\u00c9ES Responsable JUSTE DES INSECTES Objectif Le maintien de la communication entre les deux parties, la r\u00e9solution des doutes et des questions soulev\u00e9es, et la facilitation de l&rsquo;acc\u00e8s de nos clients et de nos contacts aux informations concernant nos services. L\u00e9gitimation Consentement de l&rsquo;int\u00e9ress\u00e9 &#8230; <a title=\"Politique de confidentialit\u00e9\" class=\"read-more\" href=\"https:\/\/justbugs.es\/fr\/politique-de-confidentialite\/\" aria-label=\"Read more about Politique de confidentialit\u00e9\">Lire la suite<\/a><\/p>\n","protected":false},"author":1,"featured_media":0,"parent":0,"menu_order":0,"comment_status":"closed","ping_status":"closed","template":"","meta":{"footnotes":""},"class_list":["post-7235","page","type-page","status-publish"],"_links":{"self":[{"href":"https:\/\/justbugs.es\/fr\/wp-json\/wp\/v2\/pages\/7235"}],"collection":[{"href":"https:\/\/justbugs.es\/fr\/wp-json\/wp\/v2\/pages"}],"about":[{"href":"https:\/\/justbugs.es\/fr\/wp-json\/wp\/v2\/types\/page"}],"author":[{"embeddable":true,"href":"https:\/\/justbugs.es\/fr\/wp-json\/wp\/v2\/users\/1"}],"replies":[{"embeddable":true,"href":"https:\/\/justbugs.es\/fr\/wp-json\/wp\/v2\/comments?post=7235"}],"version-history":[{"count":1,"href":"https:\/\/justbugs.es\/fr\/wp-json\/wp\/v2\/pages\/7235\/revisions"}],"predecessor-version":[{"id":7236,"href":"https:\/\/justbugs.es\/fr\/wp-json\/wp\/v2\/pages\/7235\/revisions\/7236"}],"wp:attachment":[{"href":"https:\/\/justbugs.es\/fr\/wp-json\/wp\/v2\/media?parent=7235"}],"curies":[{"name":"wp","href":"https:\/\/api.w.org\/{rel}","templated":true}]}}