{"id":6853,"date":"2022-09-12T16:42:29","date_gmt":"2022-09-12T15:42:29","guid":{"rendered":"https:\/\/justbugs.es\/producto\/bran-pour-tenebrio\/"},"modified":"2022-09-12T16:42:29","modified_gmt":"2022-09-12T15:42:29","slug":"bran-pour-tenebrio","status":"publish","type":"product","link":"https:\/\/justbugs.es\/fr\/producto\/bran-pour-tenebrio\/","title":{"rendered":"Bran pour Tenebrio"},"content":{"rendered":"<p>Aliment id\u00e9al pour les t\u00e9n\u00e9brions et autres col\u00e9opt\u00e8res, riche en prot\u00e9ines, lipides et min\u00e9raux.<\/p>\n<p>Il est recommand\u00e9 de l&rsquo;accompagner de l\u00e9gumes frais.<\/p>\n","protected":false},"excerpt":{"rendered":"<p>Nourriture pour Tenebrios et autres col\u00e9opt\u00e8res.<\/p>\n","protected":false},"featured_media":6808,"template":"","meta":[],"product_brand":[],"product_cat":[72,73],"product_tag":[],"class_list":{"0":"post-6853","1":"product","2":"type-product","3":"status-publish","4":"has-post-thumbnail","6":"product_cat-en-vedette","7":"product_cat-fourrage","8":"sales-flash-overlay","9":"woocommerce-text-align-center","10":"woocommerce-image-align-center","11":"do-quantity-buttons","13":"first","14":"instock","15":"taxable","16":"shipping-taxable","17":"purchasable","18":"product-type-variable"},"_links":{"self":[{"href":"https:\/\/justbugs.es\/fr\/wp-json\/wp\/v2\/product\/6853"}],"collection":[{"href":"https:\/\/justbugs.es\/fr\/wp-json\/wp\/v2\/product"}],"about":[{"href":"https:\/\/justbugs.es\/fr\/wp-json\/wp\/v2\/types\/product"}],"wp:featuredmedia":[{"embeddable":true,"href":"https:\/\/justbugs.es\/fr\/wp-json\/wp\/v2\/media\/6808"}],"wp:attachment":[{"href":"https:\/\/justbugs.es\/fr\/wp-json\/wp\/v2\/media?parent=6853"}],"wp:term":[{"taxonomy":"product_brand","embeddable":true,"href":"https:\/\/justbugs.es\/fr\/wp-json\/wp\/v2\/product_brand?post=6853"},{"taxonomy":"product_cat","embeddable":true,"href":"https:\/\/justbugs.es\/fr\/wp-json\/wp\/v2\/product_cat?post=6853"},{"taxonomy":"product_tag","embeddable":true,"href":"https:\/\/justbugs.es\/fr\/wp-json\/wp\/v2\/product_tag?post=6853"}],"curies":[{"name":"wp","href":"https:\/\/api.w.org\/{rel}","templated":true}]}}