{"id":6866,"date":"2021-01-04T04:32:23","date_gmt":"2021-01-04T03:32:23","guid":{"rendered":"https:\/\/justbugs.es\/producto\/tenebrio-deshydrate\/"},"modified":"2021-01-04T04:32:23","modified_gmt":"2021-01-04T03:32:23","slug":"tenebrio-deshydrate","status":"publish","type":"product","link":"https:\/\/justbugs.es\/fr\/producto\/tenebrio-deshydrate\/","title":{"rendered":"Tenebrio d\u00e9shydrat\u00e9"},"content":{"rendered":"<p>Larve de Tenebrio Molitor ou ver de farine d\u00e9shydrat\u00e9.<\/p>\n<p>Des pourcentages d&rsquo;environ 50 % de prot\u00e9ines et 40 % de mati\u00e8res grasses en font l&rsquo;aliment id\u00e9al pour les reptiles, les poissons, les amphibiens et les petits mammif\u00e8res omnivores. Disponible en grands volumes pour les fermes et les piscicultures. Plus grande capaci\u00e9 de stockage par rapport aux aliments vivants.<\/p>\n","protected":false},"excerpt":{"rendered":"<p>Larve de Tenebrio Molitor ou ver de farine d\u00e9shydrat\u00e9.<\/p>\n","protected":false},"featured_media":6811,"template":"","meta":[],"product_brand":[],"product_cat":[72,73],"product_tag":[],"class_list":{"0":"post-6866","1":"product","2":"type-product","3":"status-publish","4":"has-post-thumbnail","6":"product_cat-en-vedette","7":"product_cat-fourrage","8":"sales-flash-overlay","9":"woocommerce-text-align-center","10":"woocommerce-image-align-center","11":"do-quantity-buttons","13":"first","14":"instock","15":"taxable","16":"shipping-taxable","17":"purchasable","18":"product-type-variable"},"_links":{"self":[{"href":"https:\/\/justbugs.es\/fr\/wp-json\/wp\/v2\/product\/6866"}],"collection":[{"href":"https:\/\/justbugs.es\/fr\/wp-json\/wp\/v2\/product"}],"about":[{"href":"https:\/\/justbugs.es\/fr\/wp-json\/wp\/v2\/types\/product"}],"wp:featuredmedia":[{"embeddable":true,"href":"https:\/\/justbugs.es\/fr\/wp-json\/wp\/v2\/media\/6811"}],"wp:attachment":[{"href":"https:\/\/justbugs.es\/fr\/wp-json\/wp\/v2\/media?parent=6866"}],"wp:term":[{"taxonomy":"product_brand","embeddable":true,"href":"https:\/\/justbugs.es\/fr\/wp-json\/wp\/v2\/product_brand?post=6866"},{"taxonomy":"product_cat","embeddable":true,"href":"https:\/\/justbugs.es\/fr\/wp-json\/wp\/v2\/product_cat?post=6866"},{"taxonomy":"product_tag","embeddable":true,"href":"https:\/\/justbugs.es\/fr\/wp-json\/wp\/v2\/product_tag?post=6866"}],"curies":[{"name":"wp","href":"https:\/\/api.w.org\/{rel}","templated":true}]}}